{"id":174,"date":"2017-03-29T17:31:24","date_gmt":"2017-03-29T15:31:24","guid":{"rendered":"https:\/\/dev.inkovema.de\/?page_id=174"},"modified":"2017-07-06T19:31:36","modified_gmt":"2017-07-06T17:31:36","slug":"handbook-theory-and-practice-of-transactional-analysis-in-mediation","status":"publish","type":"page","link":"https:\/\/dev.inkovema.de\/en\/inkovema-the-institute\/publications\/handbook-theory-and-practice-of-transactional-analysis-in-mediation\/","title":{"rendered":"Handbook: Theory and practice of transactional analysis in mediation"},"content":{"rendered":"<div class=\"fusion-fullwidth fullwidth-box fusion-builder-row-1 gradient-container-1 nonhundred-percent-fullwidth non-hundred-percent-height-scrolling\" style=\"--awb-border-radius-top-left:0px;--awb-border-radius-top-right:0px;--awb-border-radius-bottom-right:0px;--awb-border-radius-bottom-left:0px;--awb-flex-wrap:wrap;\" ><div class=\"fusion-builder-row fusion-row\"><div class=\"fusion-layout-column fusion_builder_column fusion-builder-column-0 fusion_builder_column_1_1 1_1 fusion-one-full fusion-column-first fusion-column-last\" style=\"--awb-bg-size:cover;\"><div class=\"fusion-column-wrapper fusion-flex-column-wrapper-legacy\"><div class=\"fusion-title title fusion-title-1 sep-underline sep-solid fusion-title-text fusion-title-size-one\"><h1 class=\"fusion-title-heading title-heading-left fusion-responsive-typography-calculated\" style=\"margin:0;--fontSize:34;line-height:1.4;\">Theory and practice of transactional analysis in mediation.<\/h1><\/div><div class=\"fusion-clearfix\"><\/div><\/div><\/div><div class=\"fusion-layout-column fusion_builder_column fusion-builder-column-1 fusion_builder_column_2_3 2_3 fusion-two-third fusion-column-first\" style=\"--awb-bg-size:cover;--awb-margin-bottom:0px;width:65.3333%; margin-right: 4%;\"><div class=\"fusion-column-wrapper fusion-flex-column-wrapper-legacy\"><div class=\"fusion-text fusion-text-1\"><h3>A handbook, Nomos-Verlag, 656 p., 2014.<\/h3>\n<p>Johannes Eckmann, Trainer, on Amazon:<\/p>\n<blockquote>\n<p>&#8222;Finally a writing style that is pleasant and easy to understand. The author has a good overview of the subject matter. The topics are wide-ranging, interestingly selected and reveal an intelligent common thread. The fact that someone can present a scientifically sound subject so well shows that someone here knows what they are saying, thinking and ultimately writing. It's just a pity that this paperback is only available at such a high price &#8211; although in my opinion it should be made accessible to a much wider readership.<br \/>\nIn conclusion, the insights and mechanisms from TA can be used in many areas of &#8222;business training&#8220; &#8211; one more reason, especially for managers with a need for reflection, to put this book on their top ten wish list &amp;#8220!<\/p>\n<\/blockquote>\n<p>Review from 21.10.2014, in:\u00a0<a href=\"http:\/\/www.socialnet.de\/rezensionen\/16889.php\" target=\"_blank\" rel=\"noopener noreferrer\">socialnet Reviews, ISSN 2190-9245, http:\/\/www.socialnet.de\/rezensionen\/16889.php<\/a>, date of access 19 November 2014.<\/p>\n<blockquote>\n<p>...for mediators interested in expanding their conceptual inventory, for counsellors who want to gain a wider perspective on conflict, for transactional analysts who want to add mediation to their profile - and for anyone else who wants to use \"cognitive maps\" to reduce complexity, it is an (instructive) and valuable handbook!\"<\/p>\n<\/blockquote>\n<p>Extracts from the <a href=\"https:\/\/dev.inkovema.de\/wp-content\/uploads\/2016\/01\/Buchbesprechung_1-Mumm-ZKM.pdf\">Book review by Vice-President of the Regional Court,_B. Mumm, Mediator BAFM<\/a><\/p>\n<blockquote>\n<p>...the work is excellently suited to increase the professionalism in mediation practice...... the manual presented deserves to be taken note of by the mediator working in practice...it is ideally suited to contribute to the sustainable improvement of one's own professionalism ...\"<\/p>\n<\/blockquote>\n<p>Review by teaching coach and transactional analyst G\u00fcnther Mohr see\u00a0<a href=\"http:\/\/www.mohr-coaching.weebly.com\/uploads\/3\/0\/4\/8\/3048777\/weigel_theorie_und_praxis_mediatation_ta.pdf\" target=\"_blank\" rel=\"noopener noreferrer\">www.mohr-coaching.de<\/a><\/p>\n<blockquote>\n<p>...all in all, the anthology provides a nice pool of conceptual ideas for mediation. The individual contributions are not too long, but formulate their statements in a concise manner. The advantage of transactional analysis of creating models with an optimal reduction of complexity - i.e. not too much but not too little either - is a good basis for the implementation and equally for training in mediation.<\/p>\n<\/blockquote>\n<p>Prof Dr Barth in<a href=\"https:\/\/dev.inkovema.de\/wp-content\/uploads\/2016\/01\/15.03.01-Rezension-Barth-in-Die-Wirtschaftsmediation.pdf\"> Business mediation<\/a> 1\/2015, p. 60 f<\/p>\n<blockquote>\n<p>...with its many contributions, the handbook shows what transactional analysis can achieve in terms of communication theory in order to lead a mediation process or a conflict management system...anyone who wants to expand their skills in process management as a manager or mediator should take more than one look at the volume and not be put off by its size.<\/p>\n<\/blockquote>\n<p><img decoding=\"async\" class=\"lazyload size-medium wp-image-179 alignright\" src=\"https:\/\/dev.inkovema.de\/wp-content\/uploads\/2017\/03\/handbuch-TA-in-der-mediation-300x248.jpg\" data-orig-src=\"https:\/\/dev.inkovema.de\/wp-content\/uploads\/2017\/03\/handbuch-TA-in-der-mediation-300x248.jpg\" alt=\"\" width=\"300\" height=\"248\" srcset=\"data:image\/svg+xml,%3Csvg%20xmlns%3D%27http%3A%2F%2Fwww.w3.org%2F2000%2Fsvg%27%20width%3D%27300%27%20height%3D%27248%27%20viewBox%3D%270%200%20300%20248%27%3E%3Crect%20width%3D%27300%27%20height%3D%27248%27%20fill-opacity%3D%220%22%2F%3E%3C%2Fsvg%3E\" data-srcset=\"https:\/\/dev.inkovema.de\/wp-content\/uploads\/2017\/03\/handbuch-TA-in-der-mediation-200x165.jpg 200w, https:\/\/dev.inkovema.de\/wp-content\/uploads\/2017\/03\/handbuch-TA-in-der-mediation-300x248.jpg 300w, https:\/\/dev.inkovema.de\/wp-content\/uploads\/2017\/03\/handbuch-TA-in-der-mediation-400x330.jpg 400w, https:\/\/dev.inkovema.de\/wp-content\/uploads\/2017\/03\/handbuch-TA-in-der-mediation-600x495.jpg 600w, https:\/\/dev.inkovema.de\/wp-content\/uploads\/2017\/03\/handbuch-TA-in-der-mediation-768x634.jpg 768w, https:\/\/dev.inkovema.de\/wp-content\/uploads\/2017\/03\/handbuch-TA-in-der-mediation-800x660.jpg 800w, https:\/\/dev.inkovema.de\/wp-content\/uploads\/2017\/03\/handbuch-TA-in-der-mediation-1024x845.jpg 1024w, https:\/\/dev.inkovema.de\/wp-content\/uploads\/2017\/03\/handbuch-TA-in-der-mediation-1200x990.jpg 1200w, https:\/\/dev.inkovema.de\/wp-content\/uploads\/2017\/03\/handbuch-TA-in-der-mediation.jpg 1360w\" data-sizes=\"auto\" data-orig-sizes=\"(max-width: 300px) 100vw, 300px\" \/><\/p>\n<p>With over 40 articles, the handbook offers a comprehensive insight into the\u00a0<strong>Practical mediation work<\/strong>\u00a0on the basis of transaction-analytical ideas. The theoretical understanding of modern mediation is deepened.<\/p>\n<p>It will be shown to what extent transactional analysis concepts enrich classical mediation in personal conflicts and offer a\u00a0<strong>Relationship-orientated conflict management<\/strong>\u00a0enable. In addition\u00a0<strong>Concepts of systemic transactional analysis<\/strong>\u00a0presented to the\u00a0<strong>organisational conflict management<\/strong>\u00a0benefit from structural conflicts.<\/p>\n<p>With contributions from:<br \/>\n<em>Rolf Balling, Gundel Beck-Neumann, Cordula Binner, Anette Dielmann, Thorsten Geck, Manfred G\u00fchrs, Barbara Hagedorn, Hans-Georg Hauser, Bertine Kessel, Maarten Kouwenhoven, Jutta Kreyenberg, Christian K\u00fcster, Luise Lohkamp, Rolf Marchlowitz, Patricia Matt, G\u00fcnther Mohr, Norbert Nagel, Christin Nierlich, Claus Nowak, Heidrun Peters, Hanne Raeck, Karl-Heinz Risto, Sabine-Inken Schmidt, Henning S. Schulze, Christoph Seidenfus, Klaus Sejkora, Matthias Sell, Hildegard Strothjohann, Werner Vogelauer and Sascha Weigel.<\/em><\/p>\n<\/div><div class=\"fusion-clearfix\"><\/div><\/div><\/div><div class=\"fusion-layout-column fusion_builder_column fusion-builder-column-2 fusion_builder_column_1_3 1_3 fusion-one-third fusion-column-last\" style=\"--awb-bg-size:cover;--awb-margin-bottom:0px;width:30.6666%;\"><div class=\"fusion-column-wrapper fusion-flex-column-wrapper-legacy\"><div class=\"fusion-image-element fusion-image-align-center in-legacy-container\" style=\"text-align:center;--awb-caption-title-font-family:var(--h2_typography-font-family);--awb-caption-title-font-weight:var(--h2_typography-font-weight);--awb-caption-title-font-style:var(--h2_typography-font-style);--awb-caption-title-size:var(--h2_typography-font-size);--awb-caption-title-transform:var(--h2_typography-text-transform);--awb-caption-title-line-height:var(--h2_typography-line-height);--awb-caption-title-letter-spacing:var(--h2_typography-letter-spacing);\"><div class=\"imageframe-align-center\"><span class=\"fusion-imageframe imageframe-none imageframe-1 hover-type-none\"><img decoding=\"async\" width=\"300\" height=\"248\" title=\"handbook-TA-in-mediation\" src=\"https:\/\/dev.inkovema.de\/wp-content\/uploads\/2017\/03\/handbuch-TA-in-der-mediation.jpg\" data-orig-src=\"https:\/\/dev.inkovema.de\/wp-content\/uploads\/2017\/03\/handbuch-TA-in-der-mediation-300x248.jpg\" alt class=\"lazyload img-responsive wp-image-179\" srcset=\"data:image\/svg+xml,%3Csvg%20xmlns%3D%27http%3A%2F%2Fwww.w3.org%2F2000%2Fsvg%27%20width%3D%271360%27%20height%3D%271122%27%20viewBox%3D%270%200%201360%201122%27%3E%3Crect%20width%3D%271360%27%20height%3D%271122%27%20fill-opacity%3D%220%22%2F%3E%3C%2Fsvg%3E\" data-srcset=\"https:\/\/dev.inkovema.de\/wp-content\/uploads\/2017\/03\/handbuch-TA-in-der-mediation-200x165.jpg 200w, https:\/\/dev.inkovema.de\/wp-content\/uploads\/2017\/03\/handbuch-TA-in-der-mediation-400x330.jpg 400w, https:\/\/dev.inkovema.de\/wp-content\/uploads\/2017\/03\/handbuch-TA-in-der-mediation-600x495.jpg 600w, https:\/\/dev.inkovema.de\/wp-content\/uploads\/2017\/03\/handbuch-TA-in-der-mediation-800x660.jpg 800w, https:\/\/dev.inkovema.de\/wp-content\/uploads\/2017\/03\/handbuch-TA-in-der-mediation-1200x990.jpg 1200w, https:\/\/dev.inkovema.de\/wp-content\/uploads\/2017\/03\/handbuch-TA-in-der-mediation.jpg 1360w\" data-sizes=\"auto\" data-orig-sizes=\"(max-width: 800px) 100vw, 400px\" \/><\/span><\/div><\/div><div class=\"fusion-sep-clear\"><\/div><div class=\"fusion-separator fusion-full-width-sep\" style=\"margin-left: auto;margin-right: auto;margin-top:10%;width:100%;\"><\/div><div class=\"fusion-sep-clear\"><\/div><div class=\"fusion-aligncenter\"><a class=\"fusion-button button-flat fusion-button-default-size button-default fusion-button-default button-1 fusion-button-default-span fusion-button-default-type\" target=\"_blank\" rel=\"noopener noreferrer\" href=\"https:\/\/www.amazon.de\/Theorie-Praxis-Transaktionsanalyse-Mediation-Handbuch\/dp\/3848706016\"><span class=\"fusion-button-text awb-button__text awb-button__text--default\">Order from Amazon<\/span><\/a><\/div><div class=\"fusion-clearfix\"><\/div><\/div><\/div><\/div><\/div>","protected":false},"excerpt":{"rendered":"","protected":false},"author":1,"featured_media":0,"parent":27,"menu_order":0,"comment_status":"closed","ping_status":"closed","template":"","meta":{"footnotes":""},"class_list":["post-174","page","type-page","status-publish","hentry"],"_links":{"self":[{"href":"https:\/\/dev.inkovema.de\/en\/wp-json\/wp\/v2\/pages\/174","targetHints":{"allow":["GET"]}}],"collection":[{"href":"https:\/\/dev.inkovema.de\/en\/wp-json\/wp\/v2\/pages"}],"about":[{"href":"https:\/\/dev.inkovema.de\/en\/wp-json\/wp\/v2\/types\/page"}],"author":[{"embeddable":true,"href":"https:\/\/dev.inkovema.de\/en\/wp-json\/wp\/v2\/users\/1"}],"replies":[{"embeddable":true,"href":"https:\/\/dev.inkovema.de\/en\/wp-json\/wp\/v2\/comments?post=174"}],"version-history":[{"count":0,"href":"https:\/\/dev.inkovema.de\/en\/wp-json\/wp\/v2\/pages\/174\/revisions"}],"up":[{"embeddable":true,"href":"https:\/\/dev.inkovema.de\/en\/wp-json\/wp\/v2\/pages\/27"}],"wp:attachment":[{"href":"https:\/\/dev.inkovema.de\/en\/wp-json\/wp\/v2\/media?parent=174"}],"curies":[{"name":"wp","href":"https:\/\/api.w.org\/{rel}","templated":true}]}}